{"id":30,"date":"2022-04-06T17:06:34","date_gmt":"2022-04-06T15:06:34","guid":{"rendered":"https:\/\/testschule2.hjm-datentechnik.de\/?page_id=30"},"modified":"2022-04-12T09:33:36","modified_gmt":"2022-04-12T07:33:36","slug":"kontakt","status":"publish","type":"page","link":"https:\/\/testschule2.hjm-datentechnik.de\/?page_id=30","title":{"rendered":"Kontakt"},"content":{"rendered":"<p>[et_pb_section fb_built=&#8220;1&#8243; fullwidth=&#8220;on&#8220; admin_label=&#8220;Header Section&#8220; _builder_version=&#8220;4.16&#8243; background_image=&#8220;https:\/\/testschule2.hjm-datentechnik.de\/wp-content\/uploads\/2022\/04\/hdgdgh.jpg&#8220; parallax=&#8220;on&#8220; top_divider_style=&#8220;clouds2&#8243; top_divider_color=&#8220;rgba(255,255,255,0.3)&#8220; top_divider_height=&#8220;100%&#8220; bottom_divider_height=&#8220;30px&#8220; global_colors_info=&#8220;{}&#8220;][et_pb_fullwidth_header title=&#8220;Kontakt&#8220; subhead=&#8220;Wenden Sie sich bei Fragen gerne an uns!&#8220; text_orientation=&#8220;center&#8220; _builder_version=&#8220;4.16&#8243; title_level=&#8220;h2&#8243; title_font=&#8220;Rubik|700||on|||||&#8220; title_text_color=&#8220;#ff7355&#8243; title_font_size=&#8220;16px&#8220; title_letter_spacing=&#8220;5px&#8220; title_line_height=&#8220;2em&#8220; content_font=&#8220;Rubik||||||||&#8220; content_font_size=&#8220;18px&#8220; content_line_height=&#8220;2em&#8220; subhead_font=&#8220;Rubik|700|||||||&#8220; subhead_text_color=&#8220;rgba(0,0,0,0.8)&#8220; subhead_font_size=&#8220;50px&#8220; subhead_line_height=&#8220;1.4em&#8220; background_color=&#8220;rgba(255,255,255,0)&#8220; use_background_color_gradient=&#8220;on&#8220; background_color_gradient_stops=&#8220;rgba(255,255,255,0.7) 0%|#ffffff 100%&#8220; background_color_gradient_start=&#8220;rgba(255,255,255,0.7)&#8220; background_color_gradient_end=&#8220;#ffffff&#8220; background_size=&#8220;contain&#8220; background_position=&#8220;bottom_center&#8220; custom_button_one=&#8220;on&#8220; button_one_text_size=&#8220;16px&#8220; button_one_text_color=&#8220;#ffffff&#8220; button_one_bg_color=&#8220;#ff7355&#8243; button_one_border_width=&#8220;15px&#8220; button_one_border_color=&#8220;rgba(210,159,104,0)&#8220; button_one_border_radius=&#8220;100px&#8220; button_one_letter_spacing=&#8220;0px&#8220; button_one_font=&#8220;Rubik|700|||||||&#8220; button_one_use_icon=&#8220;off&#8220; custom_button_two=&#8220;on&#8220; button_two_text_size=&#8220;16px&#8220; button_two_text_color=&#8220;#ffffff&#8220; button_two_bg_color=&#8220;rgba(0,0,0,0.6)&#8220; button_two_border_width=&#8220;15px&#8220; button_two_border_color=&#8220;rgba(210,159,104,0)&#8220; button_two_border_radius=&#8220;100px&#8220; button_two_letter_spacing=&#8220;0px&#8220; button_two_font=&#8220;Rubik|700|||||||&#8220; button_two_use_icon=&#8220;off&#8220; background_layout=&#8220;light&#8220; custom_margin=&#8220;|||&#8220; custom_padding=&#8220;8vw||4vw|&#8220; animation_style=&#8220;slide&#8220; animation_direction=&#8220;bottom&#8220; animation_intensity_slide=&#8220;1%&#8220; subhead_font_size_tablet=&#8220;&#8220; subhead_font_size_phone=&#8220;30px&#8220; subhead_font_size_last_edited=&#8220;on|phone&#8220; button_one_border_radius_hover=&#8220;100px&#8220; button_two_border_radius_hover=&#8220;100px&#8220; button_one_bg_color_hover=&#8220;#ff8a70&#8243; button_two_bg_color_hover=&#8220;#ff8a70&#8243; global_colors_info=&#8220;{}&#8220; button_one_text_size__hover_enabled=&#8220;off&#8220; button_two_text_size__hover_enabled=&#8220;off&#8220; button_one_text_color__hover_enabled=&#8220;off&#8220; button_two_text_color__hover_enabled=&#8220;off&#8220; button_one_border_width__hover_enabled=&#8220;off&#8220; button_two_border_width__hover_enabled=&#8220;off&#8220; button_one_border_color__hover_enabled=&#8220;off&#8220; button_two_border_color__hover_enabled=&#8220;off&#8220; button_one_border_radius__hover_enabled=&#8220;on&#8220; button_one_border_radius__hover=&#8220;100px&#8220; button_two_border_radius__hover_enabled=&#8220;on&#8220; button_two_border_radius__hover=&#8220;100px&#8220; button_one_letter_spacing__hover_enabled=&#8220;off&#8220; button_two_letter_spacing__hover_enabled=&#8220;off&#8220; button_one_bg_color__hover_enabled=&#8220;on&#8220; button_one_bg_color__hover=&#8220;#ff8a70&#8243; button_two_bg_color__hover_enabled=&#8220;on&#8220; button_two_bg_color__hover=&#8220;#ff8a70&#8243;][\/et_pb_fullwidth_header][\/et_pb_section][et_pb_section fb_built=&#8220;1&#8243; admin_label=&#8220;Contact Section&#8220; _builder_version=&#8220;4.16&#8243; background_image=&#8220;https:\/\/testschule2.hjm-datentechnik.de\/wp-content\/uploads\/2022\/04\/shapes-bg-1.png&#8220; parallax=&#8220;on&#8220; custom_padding=&#8220;|||&#8220; global_colors_info=&#8220;{}&#8220;][et_pb_row column_structure=&#8220;1_3,1_3,1_3&#8243; admin_label=&#8220;Contact Info Row&#8220; _builder_version=&#8220;4.16&#8243; custom_margin=&#8220;|||&#8220; global_colors_info=&#8220;{}&#8220;][et_pb_column type=&#8220;1_3&#8243; _builder_version=&#8220;4.16&#8243; custom_padding=&#8220;|||&#8220; global_colors_info=&#8220;{}&#8220; custom_padding__hover=&#8220;|||&#8220;][et_pb_blurb title=&#8220;Adresse&#8220; admin_label=&#8220;Contact Info&#8220; _builder_version=&#8220;4.16&#8243; header_font=&#8220;Rubik|700||on|||||&#8220; header_text_color=&#8220;rgba(255,255,255,0.5)&#8220; header_font_size=&#8220;16px&#8220; header_letter_spacing=&#8220;3px&#8220; header_line_height=&#8220;1.5em&#8220; body_font=&#8220;Rubik||||||||&#8220; body_font_size=&#8220;16px&#8220; body_line_height=&#8220;2em&#8220; background_color=&#8220;#ff7355&#8243; text_orientation=&#8220;center&#8220; background_layout=&#8220;dark&#8220; custom_margin=&#8220;|||&#8220; custom_padding=&#8220;40px|20px|40px|20px|true|true&#8220; animation_style=&#8220;zoom&#8220; animation_intensity_zoom=&#8220;10%&#8220; border_radii=&#8220;on|10px|10px|10px|10px&#8220; global_colors_info=&#8220;{}&#8220;]<\/p>\n<p>Planstra\u00dfe 13<br \/><span>47169, Duisburg<\/span><\/p>\n<p>[\/et_pb_blurb][\/et_pb_column][et_pb_column type=&#8220;1_3&#8243; _builder_version=&#8220;4.16&#8243; custom_padding=&#8220;|||&#8220; global_colors_info=&#8220;{}&#8220; custom_padding__hover=&#8220;|||&#8220;][et_pb_blurb title=&#8220;Sekreteriatszeiten&#8220; admin_label=&#8220;Contact Info&#8220; _builder_version=&#8220;4.16&#8243; header_font=&#8220;Rubik|700||on|||||&#8220; header_text_color=&#8220;rgba(255,255,255,0.5)&#8220; header_font_size=&#8220;16px&#8220; header_letter_spacing=&#8220;3px&#8220; header_line_height=&#8220;1.5em&#8220; body_font=&#8220;Rubik||||||||&#8220; body_font_size=&#8220;16px&#8220; body_line_height=&#8220;2em&#8220; background_color=&#8220;#ff9c02&#8243; text_orientation=&#8220;center&#8220; background_layout=&#8220;dark&#8220; custom_margin=&#8220;|||&#8220; custom_padding=&#8220;40px|20px|40px|20px|true|true&#8220; animation_style=&#8220;zoom&#8220; animation_intensity_zoom=&#8220;10%&#8220; border_radii=&#8220;on|10px|10px|10px|10px&#8220; global_colors_info=&#8220;{}&#8220;]<\/p>\n<p>M-F: 08:00-14:00 Uhr<br \/>An Wochenenden nicht besetzt<\/p>\n<p>[\/et_pb_blurb][\/et_pb_column][et_pb_column type=&#8220;1_3&#8243; _builder_version=&#8220;4.16&#8243; custom_padding=&#8220;|||&#8220; global_colors_info=&#8220;{}&#8220; custom_padding__hover=&#8220;|||&#8220;][et_pb_blurb title=&#8220;Telefon und Mail&#8220; admin_label=&#8220;Contact Info&#8220; _builder_version=&#8220;4.16&#8243; header_font=&#8220;Rubik|700||on|||||&#8220; header_text_color=&#8220;rgba(255,255,255,0.5)&#8220; header_font_size=&#8220;16px&#8220; header_letter_spacing=&#8220;3px&#8220; header_line_height=&#8220;1.5em&#8220; body_font=&#8220;Rubik||||||||&#8220; body_font_size=&#8220;16px&#8220; body_line_height=&#8220;2em&#8220; background_color=&#8220;#2b76df&#8220; text_orientation=&#8220;center&#8220; background_layout=&#8220;dark&#8220; custom_margin=&#8220;|||&#8220; custom_padding=&#8220;40px|20px|40px|20px|true|true&#8220; animation_style=&#8220;zoom&#8220; animation_intensity_zoom=&#8220;10%&#8220; border_radii=&#8220;on|10px|10px|10px|10px&#8220; global_colors_info=&#8220;{}&#8220;]<\/p>\n<p>0203 12345678<br \/>info@testschule2.de<\/p>\n<p>[\/et_pb_blurb][\/et_pb_column][\/et_pb_row][et_pb_row admin_label=&#8220;Contact Form Row&#8220; _builder_version=&#8220;4.16&#8243; background_color=&#8220;#7f5aff&#8220; custom_margin=&#8220;20px||60px||false&#8220; custom_padding=&#8220;80px|40px|80px|40px|true|true&#8220; animation_style=&#8220;zoom&#8220; animation_intensity_zoom=&#8220;10%&#8220; border_radii=&#8220;on|8px|8px|8px|8px&#8220; box_shadow_style=&#8220;preset3&#8243; box_shadow_vertical=&#8220;120px&#8220; box_shadow_blur=&#8220;80px&#8220; box_shadow_spread=&#8220;-80px&#8220; box_shadow_color=&#8220;rgba(0,0,0,0.12)&#8220; global_colors_info=&#8220;{}&#8220;][et_pb_column type=&#8220;4_4&#8243; _builder_version=&#8220;4.16&#8243; custom_padding=&#8220;|||&#8220; global_colors_info=&#8220;{}&#8220; custom_padding__hover=&#8220;|||&#8220;][et_pb_text admin_label=&#8220;Title&#8220; _builder_version=&#8220;4.16&#8243; text_font=&#8220;||||||||&#8220; link_font=&#8220;||||||||&#8220; ul_font=&#8220;||||||||&#8220; ol_font=&#8220;||||||||&#8220; quote_font=&#8220;||||||||&#8220; header_font=&#8220;||||||||&#8220; header_2_font=&#8220;Rubik|700|||||||&#8220; header_2_font_size=&#8220;40px&#8220; header_2_line_height=&#8220;1.5em&#8220; header_5_font=&#8220;Rubik|700||on|||||&#8220; header_5_letter_spacing=&#8220;5px&#8220; header_5_line_height=&#8220;1.7em&#8220; text_orientation=&#8220;center&#8220; background_layout=&#8220;dark&#8220; max_width=&#8220;750px&#8220; module_alignment=&#8220;center&#8220; custom_padding=&#8220;|||&#8220; text_line_height_last_edited=&#8220;off|desktop&#8220; header_2_font_size_tablet=&#8220;&#8220; header_2_font_size_phone=&#8220;30px&#8220; header_2_font_size_last_edited=&#8220;on|phone&#8220; global_colors_info=&#8220;{}&#8220;]<\/p>\n<h5>Email<\/h5>\n<h2>Schicken Sie uns eine Nachricht:<\/h2>\n<p>[\/et_pb_text][et_pb_contact_form captcha=&#8220;off&#8220; module_id=&#8220;et_pb_contact_form_0&#8243; _builder_version=&#8220;4.17.0&#8243; form_field_background_color=&#8220;rgba(0,0,0,0.1)&#8220; form_field_text_color=&#8220;#ffffff&#8220; title_font=&#8220;||||||||&#8220; title_text_align=&#8220;center&#8220; title_text_color=&#8220;#ffffff&#8220; form_field_font=&#8220;Rubik|500|||||||&#8220; form_field_font_size=&#8220;16px&#8220; custom_button=&#8220;on&#8220; button_text_size=&#8220;18px&#8220; button_text_color=&#8220;#ffffff&#8220; button_border_width=&#8220;0px&#8220; button_border_radius=&#8220;0px&#8220; button_font=&#8220;Rubik|700|||||||&#8220; button_icon=&#8220;&#xe03c;||divi||400&#8243; button_on_hover=&#8220;off&#8220; max_width=&#8220;750px&#8220; max_width_last_edited=&#8220;off|desktop&#8220; module_alignment=&#8220;center&#8220; custom_margin=&#8220;|||&#8220; custom_margin_tablet=&#8220;|50px||50px&#8220; custom_margin_phone=&#8220;|50px||50px&#8220; custom_margin_last_edited=&#8220;off|desktop&#8220; border_radii=&#8220;on|5px|5px|5px|5px&#8220; form_background_color=&#8220;rgba(0,0,0,0.1)&#8220; global_colors_info=&#8220;{}&#8220;][et_pb_contact_field field_id=&#8220;Name&#8220; field_title=&#8220;Name&#8220; _builder_version=&#8220;4.16&#8243; global_colors_info=&#8220;{}&#8220; button_text_size__hover_enabled=&#8220;off&#8220; button_one_text_size__hover_enabled=&#8220;off&#8220; button_two_text_size__hover_enabled=&#8220;off&#8220; button_text_color__hover_enabled=&#8220;off&#8220; button_one_text_color__hover_enabled=&#8220;off&#8220; button_two_text_color__hover_enabled=&#8220;off&#8220; button_border_width__hover_enabled=&#8220;off&#8220; button_one_border_width__hover_enabled=&#8220;off&#8220; button_two_border_width__hover_enabled=&#8220;off&#8220; button_border_color__hover_enabled=&#8220;off&#8220; button_one_border_color__hover_enabled=&#8220;off&#8220; button_two_border_color__hover_enabled=&#8220;off&#8220; button_border_radius__hover_enabled=&#8220;off&#8220; button_one_border_radius__hover_enabled=&#8220;off&#8220; button_two_border_radius__hover_enabled=&#8220;off&#8220; button_letter_spacing__hover_enabled=&#8220;off&#8220; button_one_letter_spacing__hover_enabled=&#8220;off&#8220; button_two_letter_spacing__hover_enabled=&#8220;off&#8220; button_bg_color__hover_enabled=&#8220;off&#8220; button_one_bg_color__hover_enabled=&#8220;off&#8220; button_two_bg_color__hover_enabled=&#8220;off&#8220;][\/et_pb_contact_field][et_pb_contact_field field_id=&#8220;Email&#8220; field_title=&#8220;E-Mail-Adresse&#8220; field_type=&#8220;email&#8220; _builder_version=&#8220;4.17.0&#8243; global_colors_info=&#8220;{}&#8220; button_text_size__hover_enabled=&#8220;off&#8220; button_one_text_size__hover_enabled=&#8220;off&#8220; button_two_text_size__hover_enabled=&#8220;off&#8220; button_text_color__hover_enabled=&#8220;off&#8220; button_one_text_color__hover_enabled=&#8220;off&#8220; button_two_text_color__hover_enabled=&#8220;off&#8220; button_border_width__hover_enabled=&#8220;off&#8220; button_one_border_width__hover_enabled=&#8220;off&#8220; button_two_border_width__hover_enabled=&#8220;off&#8220; button_border_color__hover_enabled=&#8220;off&#8220; button_one_border_color__hover_enabled=&#8220;off&#8220; button_two_border_color__hover_enabled=&#8220;off&#8220; button_border_radius__hover_enabled=&#8220;off&#8220; button_one_border_radius__hover_enabled=&#8220;off&#8220; button_two_border_radius__hover_enabled=&#8220;off&#8220; button_letter_spacing__hover_enabled=&#8220;off&#8220; button_one_letter_spacing__hover_enabled=&#8220;off&#8220; button_two_letter_spacing__hover_enabled=&#8220;off&#8220; button_bg_color__hover_enabled=&#8220;off&#8220; button_one_bg_color__hover_enabled=&#8220;off&#8220; button_two_bg_color__hover_enabled=&#8220;off&#8220;][\/et_pb_contact_field][et_pb_contact_field field_id=&#8220;Message&#8220; field_title=&#8220;Nachricht&#8220; field_type=&#8220;text&#8220; fullwidth_field=&#8220;on&#8220; _builder_version=&#8220;4.17.0&#8243; global_colors_info=&#8220;{}&#8220; button_text_size__hover_enabled=&#8220;off&#8220; button_one_text_size__hover_enabled=&#8220;off&#8220; button_two_text_size__hover_enabled=&#8220;off&#8220; button_text_color__hover_enabled=&#8220;off&#8220; button_one_text_color__hover_enabled=&#8220;off&#8220; button_two_text_color__hover_enabled=&#8220;off&#8220; button_border_width__hover_enabled=&#8220;off&#8220; button_one_border_width__hover_enabled=&#8220;off&#8220; button_two_border_width__hover_enabled=&#8220;off&#8220; button_border_color__hover_enabled=&#8220;off&#8220; button_one_border_color__hover_enabled=&#8220;off&#8220; button_two_border_color__hover_enabled=&#8220;off&#8220; button_border_radius__hover_enabled=&#8220;off&#8220; button_one_border_radius__hover_enabled=&#8220;off&#8220; button_two_border_radius__hover_enabled=&#8220;off&#8220; button_letter_spacing__hover_enabled=&#8220;off&#8220; button_one_letter_spacing__hover_enabled=&#8220;off&#8220; button_two_letter_spacing__hover_enabled=&#8220;off&#8220; button_bg_color__hover_enabled=&#8220;off&#8220; button_one_bg_color__hover_enabled=&#8220;off&#8220; button_two_bg_color__hover_enabled=&#8220;off&#8220;][\/et_pb_contact_field][\/et_pb_contact_form][\/et_pb_column][\/et_pb_row][et_pb_row column_structure=&#8220;1_2,1_2&#8243; admin_label=&#8220;Facilities Row&#8220; _builder_version=&#8220;4.16&#8243; locked=&#8220;off&#8220; global_colors_info=&#8220;{}&#8220;][et_pb_column type=&#8220;1_2&#8243; _builder_version=&#8220;4.16&#8243; custom_padding=&#8220;|||&#8220; global_colors_info=&#8220;{}&#8220; custom_padding__hover=&#8220;|||&#8220;][et_pb_text _builder_version=&#8220;4.16&#8243; text_font=&#8220;Rubik|500|||||||&#8220; text_font_size=&#8220;16px&#8220; text_line_height=&#8220;2em&#8220; header_font=&#8220;||||||||&#8220; header_2_font=&#8220;Rubik|700|||||||&#8220; header_2_font_size=&#8220;40px&#8220; header_2_line_height=&#8220;1.4em&#8220; header_5_font=&#8220;Rubik|700||on|||||&#8220; header_5_text_color=&#8220;#2b76df&#8220; header_5_letter_spacing=&#8220;5px&#8220; header_5_line_height=&#8220;1.5em&#8220; module_alignment=&#8220;center&#8220; custom_margin=&#8220;|||&#8220; custom_margin_tablet=&#8220;0px|||&#8220; custom_margin_last_edited=&#8220;off|desktop&#8220; text_line_height_last_edited=&#8220;off|desktop&#8220; header_2_font_size_tablet=&#8220;&#8220; header_2_font_size_phone=&#8220;30px&#8220; header_2_font_size_last_edited=&#8220;on|phone&#8220; global_colors_info=&#8220;{}&#8220;]<\/p>\n<h5>FAQ<\/h5>\n<h2>Oft gestellte Fragen<\/h2>\n<p><span>Einige Fragen k\u00f6nnen wir Ihnen vielleicht auch schon direkt hier beantworten. Sollte dies nicht der Fall sein, k\u00f6nnen Sie uns selbstverst\u00e4ndlich jederzeit mit dem Kontaktformular eine Nachricht senden.\u00a0<\/span><\/p>\n<p>[\/et_pb_text][\/et_pb_column][et_pb_column type=&#8220;1_2&#8243; _builder_version=&#8220;4.16&#8243; custom_padding=&#8220;30px|||&#8220; global_colors_info=&#8220;{}&#8220; custom_padding__hover=&#8220;|||&#8220;][et_pb_accordion admin_label=&#8220;Facilities Accordion&#8220; _builder_version=&#8220;4.17.0&#8243; toggle_font=&#8220;Rubik|700|||||||&#8220; toggle_line_height=&#8220;1.4em&#8220; body_font=&#8220;|500|||||||&#8220; body_text_color=&#8220;#ffffff&#8220; body_line_height=&#8220;2em&#8220; custom_padding=&#8220;|||&#8220; body_line_height_last_edited=&#8220;off|desktop&#8220; global_colors_info=&#8220;{}&#8220;][et_pb_accordion_item title=&#8220;Wie kann ich mich an der Testschule anmelden?&#8220; open=&#8220;on&#8220; open_toggle_text_color=&#8220;#ffffff&#8220; open_toggle_background_color=&#8220;#2b76df&#8220; closed_toggle_text_color=&#8220;#ffffff&#8220; closed_toggle_background_color=&#8220;#4c5c67&#8243; _builder_version=&#8220;4.16&#8243; custom_margin=&#8220;||20px|&#8220; custom_padding=&#8220;|||&#8220; border_radii=&#8220;on|8px|8px|8px|8px&#8220; border_width_all=&#8220;0px&#8220; global_colors_info=&#8220;{}&#8220;]<\/p>\n<p><span>Sie k\u00f6nnen Ihr Kind ganz einfach vor den Sommerferien bei uns anmelden. Bringen Sie dazu bitte die ben\u00f6tigten Unterlagen mit.<\/span><\/p>\n<p>[\/et_pb_accordion_item][et_pb_accordion_item title=&#8220;Gibt es eine Zugangsvoraussetzung? &#8220; open_toggle_text_color=&#8220;#ffffff&#8220; open_toggle_background_color=&#8220;#2b76df&#8220; closed_toggle_text_color=&#8220;#ffffff&#8220; closed_toggle_background_color=&#8220;#4c5c67&#8243; _builder_version=&#8220;4.16&#8243; custom_margin=&#8220;||20px|&#8220; custom_padding=&#8220;|||&#8220; border_radii=&#8220;on|8px|8px|8px|8px&#8220; border_width_all=&#8220;0px&#8220; global_colors_info=&#8220;{}&#8220; open=&#8220;off&#8220;]<\/p>\n<p>Gerne beraten wir Sie zu diesem Thema pers\u00f6nlich. Rufen Sie uns einfach an!<\/p>\n<p>[\/et_pb_accordion_item][et_pb_accordion_item title=&#8220;Nulla quis lorem ut libero malesuada feugiat?&#8220; open_toggle_text_color=&#8220;#ffffff&#8220; open_toggle_background_color=&#8220;#2b76df&#8220; closed_toggle_text_color=&#8220;#ffffff&#8220; closed_toggle_background_color=&#8220;#4c5c67&#8243; _builder_version=&#8220;4.16&#8243; custom_margin=&#8220;||20px|&#8220; custom_padding=&#8220;|||&#8220; border_radii=&#8220;on|8px|8px|8px|8px&#8220; border_width_all=&#8220;0px&#8220; global_colors_info=&#8220;{}&#8220; open=&#8220;off&#8220;]<\/p>\n<p>Wir sind immer auf der Suche nach neuen MitarbeiterInnen bei uns an der Testschule. Aktuelle Stellenangebote finden Sie hier.<\/p>\n<p>[\/et_pb_accordion_item][et_pb_accordion_item title=&#8220;Donec rutrum congue leo eget malesuada?&#8220; open_toggle_text_color=&#8220;#ffffff&#8220; open_toggle_background_color=&#8220;#2b76df&#8220; closed_toggle_text_color=&#8220;#ffffff&#8220; closed_toggle_background_color=&#8220;#4c5c67&#8243; _builder_version=&#8220;4.16&#8243; custom_margin=&#8220;||20px|&#8220; custom_padding=&#8220;|||&#8220; border_radii=&#8220;on|8px|8px|8px|8px&#8220; border_width_all=&#8220;0px&#8220; global_colors_info=&#8220;{}&#8220; open=&#8220;off&#8220;]Your content goes here. Edit or remove this text inline or in the module Content settings. You can also style every aspect of this content in the module Design settings and even apply custom CSS to this text in the module Advanced settings.[\/et_pb_accordion_item][et_pb_accordion_item title=&#8220;Wo finde ich aktuelle Termine?&#8220; open_toggle_text_color=&#8220;#ffffff&#8220; open_toggle_background_color=&#8220;#2b76df&#8220; closed_toggle_text_color=&#8220;#ffffff&#8220; closed_toggle_background_color=&#8220;#4c5c67&#8243; _builder_version=&#8220;4.16&#8243; custom_margin=&#8220;||20px|&#8220; custom_padding=&#8220;|||&#8220; border_radii=&#8220;on|8px|8px|8px|8px&#8220; border_width_all=&#8220;0px&#8220; global_colors_info=&#8220;{}&#8220; open=&#8220;off&#8220;]<\/p>\n<p>Aktuelle Termine finden Sie auf unserer Webseite unter dem Reiter &#8222;Aktuelles&#8220;<\/p>\n<p>[\/et_pb_accordion_item][\/et_pb_accordion][\/et_pb_column][\/et_pb_row][\/et_pb_section][et_pb_section fb_built=&#8220;1&#8243; fullwidth=&#8220;on&#8220; admin_label=&#8220;Map Section&#8220; _builder_version=&#8220;4.17.0&#8243; global_colors_info=&#8220;{}&#8220;][et_pb_fullwidth_map _builder_version=&#8220;4.17.0&#8243; _module_preset=&#8220;default&#8220; address=&#8220;Duisburg&#8220; address_lat=&#8220;-0.00071099697703513&#8243; address_lng=&#8220;0.0010606629794863&#8243; hover_enabled=&#8220;0&#8243; sticky_enabled=&#8220;0&#8243;][\/et_pb_fullwidth_map][\/et_pb_section]<\/p>\n","protected":false},"excerpt":{"rendered":"<p>Planstra\u00dfe 1347169, DuisburgM-F: 08:00-14:00 UhrAn Wochenenden nicht besetzt0203 12345678info@testschule2.deEmail Schicken Sie uns eine Nachricht:FAQ Oft gestellte Fragen Einige Fragen k\u00f6nnen wir Ihnen vielleicht auch schon direkt hier beantworten. Sollte dies nicht der Fall sein, k\u00f6nnen Sie uns selbstverst\u00e4ndlich jederzeit mit dem Kontaktformular eine Nachricht senden.\u00a0Sie k\u00f6nnen Ihr Kind ganz einfach vor den Sommerferien bei uns [&hellip;]<\/p>\n","protected":false},"author":1,"featured_media":0,"parent":0,"menu_order":0,"comment_status":"closed","ping_status":"closed","template":"","meta":{"_et_pb_use_builder":"on","_et_pb_old_content":"","_et_gb_content_width":"","footnotes":""},"class_list":["post-30","page","type-page","status-publish","hentry"],"_links":{"self":[{"href":"https:\/\/testschule2.hjm-datentechnik.de\/index.php?rest_route=\/wp\/v2\/pages\/30","targetHints":{"allow":["GET"]}}],"collection":[{"href":"https:\/\/testschule2.hjm-datentechnik.de\/index.php?rest_route=\/wp\/v2\/pages"}],"about":[{"href":"https:\/\/testschule2.hjm-datentechnik.de\/index.php?rest_route=\/wp\/v2\/types\/page"}],"author":[{"embeddable":true,"href":"https:\/\/testschule2.hjm-datentechnik.de\/index.php?rest_route=\/wp\/v2\/users\/1"}],"replies":[{"embeddable":true,"href":"https:\/\/testschule2.hjm-datentechnik.de\/index.php?rest_route=%2Fwp%2Fv2%2Fcomments&post=30"}],"version-history":[{"count":4,"href":"https:\/\/testschule2.hjm-datentechnik.de\/index.php?rest_route=\/wp\/v2\/pages\/30\/revisions"}],"predecessor-version":[{"id":64,"href":"https:\/\/testschule2.hjm-datentechnik.de\/index.php?rest_route=\/wp\/v2\/pages\/30\/revisions\/64"}],"wp:attachment":[{"href":"https:\/\/testschule2.hjm-datentechnik.de\/index.php?rest_route=%2Fwp%2Fv2%2Fmedia&parent=30"}],"curies":[{"name":"wp","href":"https:\/\/api.w.org\/{rel}","templated":true}]}}